{"id":2951,"date":"2021-10-25T18:07:17","date_gmt":"2021-10-25T18:07:17","guid":{"rendered":"https:\/\/farmanimal-lda.com\/politica-de-cookies\/"},"modified":"2021-11-16T16:15:17","modified_gmt":"2021-11-16T16:15:17","slug":"politique-de-cookies","status":"publish","type":"page","link":"https:\/\/farmanimal-lda.com\/fr\/politique-de-cookies\/","title":{"rendered":"Politique de Cookies"},"content":{"rendered":"\t\t<div data-elementor-type=\"wp-page\" data-elementor-id=\"2951\" class=\"elementor elementor-2951 elementor-2581\">\n\t\t\t\t\t\t<section class=\"elementor-section elementor-top-section elementor-element elementor-element-6d7ca11 elementor-section-stretched elementor-section-boxed elementor-section-height-default elementor-section-height-default\" data-id=\"6d7ca11\" data-element_type=\"section\" data-settings=\"{&quot;stretch_section&quot;:&quot;section-stretched&quot;}\">\n\t\t\t\t\t\t<div class=\"elementor-container elementor-column-gap-default\">\n\t\t\t\t\t<div class=\"elementor-column elementor-col-100 elementor-top-column elementor-element elementor-element-b05160b\" data-id=\"b05160b\" data-element_type=\"column\">\n\t\t\t<div class=\"elementor-widget-wrap elementor-element-populated\">\n\t\t\t\t\t\t<div class=\"elementor-element elementor-element-53e25ed elementor-widget elementor-widget-spacer\" data-id=\"53e25ed\" data-element_type=\"widget\" data-widget_type=\"spacer.default\">\n\t\t\t\t<div class=\"elementor-widget-container\">\n\t\t\t\t\t\t\t<div class=\"elementor-spacer\">\n\t\t\t<div class=\"elementor-spacer-inner\"><\/div>\n\t\t<\/div>\n\t\t\t\t\t\t<\/div>\n\t\t\t\t<\/div>\n\t\t\t\t<div class=\"elementor-element elementor-element-f24822e elementor-widget elementor-widget-heading\" data-id=\"f24822e\" data-element_type=\"widget\" data-widget_type=\"heading.default\">\n\t\t\t\t<div class=\"elementor-widget-container\">\n\t\t\t\t\t<h2 class=\"elementor-heading-title elementor-size-default\">Politique de Cookies<\/h2>\t\t\t\t<\/div>\n\t\t\t\t<\/div>\n\t\t\t\t<div class=\"elementor-element elementor-element-0bf04b4 elementor-widget elementor-widget-spacer\" data-id=\"0bf04b4\" data-element_type=\"widget\" data-widget_type=\"spacer.default\">\n\t\t\t\t<div class=\"elementor-widget-container\">\n\t\t\t\t\t\t\t<div class=\"elementor-spacer\">\n\t\t\t<div class=\"elementor-spacer-inner\"><\/div>\n\t\t<\/div>\n\t\t\t\t\t\t<\/div>\n\t\t\t\t<\/div>\n\t\t\t\t<div class=\"elementor-element elementor-element-77a4f9a elementor-widget elementor-widget-text-editor\" data-id=\"77a4f9a\" data-element_type=\"widget\" data-widget_type=\"text-editor.default\">\n\t\t\t\t<div class=\"elementor-widget-container\">\n\t\t\t\t\t\t\t\t\t<p><strong>Que sont les cookies et comment fonctionnent-ils ?<\/strong><br \/>Les cookies sont de petits morceaux de code stock\u00e9s sur votre appareil. Les cookies ne contiennent aucune information personnelle et ne sont pas fonctionnels, c&rsquo;est-\u00e0-dire qu&rsquo;ils ne sont pas des programmes mais de simples fichiers texte. La premi\u00e8re fois que vous visitez nos sites Web, un cookie est t\u00e9l\u00e9charg\u00e9 sur votre appareil. Par la suite, nos sites Web reconnaissent ce cookie et \u00ab savent \u00bb que vous avez d\u00e9j\u00e0 visit\u00e9 notre site Web. Le r\u00f4le des cookies est b\u00e9n\u00e9fique pour les utilisateurs car il am\u00e9liore leur exp\u00e9rience sur les sites Web fr\u00e9quemment visit\u00e9s.<\/p><p><strong>Pourquoi utilisons-nous les cookies ?<\/strong><br \/>Les cookies nous permettent d&rsquo;am\u00e9liorer notre site Web afin que nous connaissions le nombre d&rsquo;utilisateurs uniques qui nous visitent et quelles pages sont visit\u00e9es. Cela nous permet de savoir quel contenu est int\u00e9ressant pour nos utilisateurs. Avec ces am\u00e9liorations \u00e0 l&rsquo;esprit, nous utilisons Google Analytics, un outil statistique. Les informations recueillies dans ce processus sont totalement anonymes et n&rsquo;ont qu&rsquo;une fonction statistique.<\/p><p><strong>Comment contr\u00f4ler les cookies ?<\/strong><br \/>Les navigateurs tels qu&rsquo;Internet Explorer, Firefox, Google Chrome et Safari vous permettent de modifier les autorisations des cookies afin d&#8217;emp\u00eacher les cookies d&rsquo;\u00eatre accept\u00e9s par votre appareil. Cependant, une telle restriction peut affecter votre exp\u00e9rience utilisateur. La section \u00ab\u00a0Aide\u00a0\u00bb de votre navigateur peut vous indiquer les \u00e9tapes n\u00e9cessaires pour effectuer une telle modification.<\/p>\t\t\t\t\t\t\t\t<\/div>\n\t\t\t\t<\/div>\n\t\t\t\t\t<\/div>\n\t\t<\/div>\n\t\t\t\t\t<\/div>\n\t\t<\/section>\n\t\t\t\t<\/div>\n\t\t","protected":false},"excerpt":{"rendered":"<p>Politique de Cookies Que sont les cookies et comment fonctionnent-ils ?Les cookies sont de petits morceaux de code stock\u00e9s sur votre appareil. Les cookies ne contiennent aucune information personnelle et&#8230;<\/p>\n","protected":false},"author":1,"featured_media":0,"parent":0,"menu_order":0,"comment_status":"closed","ping_status":"closed","template":"","meta":{"footnotes":""},"class_list":["post-2951","page","type-page","status-publish","hentry"],"_links":{"self":[{"href":"https:\/\/farmanimal-lda.com\/fr\/wp-json\/wp\/v2\/pages\/2951","targetHints":{"allow":["GET"]}}],"collection":[{"href":"https:\/\/farmanimal-lda.com\/fr\/wp-json\/wp\/v2\/pages"}],"about":[{"href":"https:\/\/farmanimal-lda.com\/fr\/wp-json\/wp\/v2\/types\/page"}],"author":[{"embeddable":true,"href":"https:\/\/farmanimal-lda.com\/fr\/wp-json\/wp\/v2\/users\/1"}],"replies":[{"embeddable":true,"href":"https:\/\/farmanimal-lda.com\/fr\/wp-json\/wp\/v2\/comments?post=2951"}],"version-history":[{"count":0,"href":"https:\/\/farmanimal-lda.com\/fr\/wp-json\/wp\/v2\/pages\/2951\/revisions"}],"wp:attachment":[{"href":"https:\/\/farmanimal-lda.com\/fr\/wp-json\/wp\/v2\/media?parent=2951"}],"curies":[{"name":"wp","href":"https:\/\/api.w.org\/{rel}","templated":true}]}}