{"id":2961,"date":"2021-10-25T18:08:29","date_gmt":"2021-10-25T18:08:29","guid":{"rendered":"https:\/\/farmanimal-lda.com\/resolucao-de-litigios\/"},"modified":"2021-11-16T16:16:22","modified_gmt":"2021-11-16T16:16:22","slug":"streitbeilegung","status":"publish","type":"page","link":"https:\/\/farmanimal-lda.com\/de\/streitbeilegung\/","title":{"rendered":"Streitbeilegung"},"content":{"rendered":"\t\t<div data-elementor-type=\"wp-page\" data-elementor-id=\"2961\" class=\"elementor elementor-2961 elementor-2586\">\n\t\t\t\t\t\t<section class=\"elementor-section elementor-top-section elementor-element elementor-element-6d7ca11 elementor-section-stretched elementor-section-boxed elementor-section-height-default elementor-section-height-default\" data-id=\"6d7ca11\" data-element_type=\"section\" data-settings=\"{&quot;stretch_section&quot;:&quot;section-stretched&quot;}\">\n\t\t\t\t\t\t<div class=\"elementor-container elementor-column-gap-default\">\n\t\t\t\t\t<div class=\"elementor-column elementor-col-100 elementor-top-column elementor-element elementor-element-b05160b\" data-id=\"b05160b\" data-element_type=\"column\">\n\t\t\t<div class=\"elementor-widget-wrap elementor-element-populated\">\n\t\t\t\t\t\t<div class=\"elementor-element elementor-element-53e25ed elementor-widget elementor-widget-spacer\" data-id=\"53e25ed\" data-element_type=\"widget\" data-widget_type=\"spacer.default\">\n\t\t\t\t<div class=\"elementor-widget-container\">\n\t\t\t\t\t\t\t<div class=\"elementor-spacer\">\n\t\t\t<div class=\"elementor-spacer-inner\"><\/div>\n\t\t<\/div>\n\t\t\t\t\t\t<\/div>\n\t\t\t\t<\/div>\n\t\t\t\t<div class=\"elementor-element elementor-element-f24822e elementor-widget elementor-widget-heading\" data-id=\"f24822e\" data-element_type=\"widget\" data-widget_type=\"heading.default\">\n\t\t\t\t<div class=\"elementor-widget-container\">\n\t\t\t\t\t<h2 class=\"elementor-heading-title elementor-size-default\">Alternative Verbraucherstreitbeilegung<\/h2>\t\t\t\t<\/div>\n\t\t\t\t<\/div>\n\t\t\t\t<div class=\"elementor-element elementor-element-0bf04b4 elementor-widget elementor-widget-spacer\" data-id=\"0bf04b4\" data-element_type=\"widget\" data-widget_type=\"spacer.default\">\n\t\t\t\t<div class=\"elementor-widget-container\">\n\t\t\t\t\t\t\t<div class=\"elementor-spacer\">\n\t\t\t<div class=\"elementor-spacer-inner\"><\/div>\n\t\t<\/div>\n\t\t\t\t\t\t<\/div>\n\t\t\t\t<\/div>\n\t\t\t\t<div class=\"elementor-element elementor-element-77a4f9a elementor-widget elementor-widget-text-editor\" data-id=\"77a4f9a\" data-element_type=\"widget\" data-widget_type=\"text-editor.default\">\n\t\t\t\t<div class=\"elementor-widget-container\">\n\t\t\t\t\t\t\t\t\t<p>Die Europ\u00e4ische Union hat eine Website eingerichtet, um Verbraucher bei der Einreichung von Beschwerden \u00fcber Rechtsstreitigkeiten, an denen sie beteiligt sind, zu unterst\u00fctzen. In diesem Zusammenhang stellen wir Ihnen alle Informationen zur Verf\u00fcgung, damit Sie Ihr Beschwerderecht bei einem offiziellen, prozessunabh\u00e4ngigen Dritten (\u201eStreitbeilegungsstelle\u201c) aus\u00fcben k\u00f6nnen, der Ihnen bei der Beilegung der betreffenden Streitigkeit hilft.<\/p><p>Wenn Sie also mit dem Kauf einer Ware oder Dienstleistung oder mit der von uns vorgestellten L\u00f6sung zur Behebung der Situation unzufrieden sind, k\u00f6nnen Sie auf diese offizielle Website https:\/\/webgate.ec.europa.eu\/odr\/main\/? event =main.home.show\u00a0und legen Sie Ihren Streitfall offen.<\/p><p>Was ist eine alternative Streitbeilegung?<\/p><p>Die alternative Streitbeilegung ist die M\u00f6glichkeit, dass alle Verbraucher vor der Er\u00f6ffnung eines streitigen Verfahrens vor den Gerichten Beschwerde und offizielle Stellen, die ihnen bei der Beilegung oder Orientierung eines Konflikts helfen, zur Verf\u00fcgung haben.<\/p><p>Im Allgemeinen ist das Verfahren wie folgt: Der Kunde bittet einen unparteiischen Dritten, als Vermittler zwischen ihm und dem H\u00e4ndler, der das Ziel seiner Beschwerde ist, zu fungieren. Der Vermittler kann eine L\u00f6sung f\u00fcr Ihre Beschwerde vorschlagen, beiden Parteien eine L\u00f6sung aufzwingen oder die Parteien zusammenbringen, um eine L\u00f6sung zu finden.<\/p><p>Vielleicht kennen Sie den Begriff der alternativen Streitbeilegung unter einem anderen Namen: \u201eMediation\u201c, \u201eSchlichtung\u201c, \u201eSchlichtung\u201c oder \u201ezust\u00e4ndiger Ausschuss im Rahmen von Verbraucherstreitigkeiten\u201c.<\/p><p>Alternative Streitbeilegung ist im Allgemeinen kosteng\u00fcnstiger, weniger formell und schneller als der Rechtsweg.<\/p><p>Im Falle einer Verbraucherstreitigkeit kann sich der Verbraucher an die folgenden alternativen Verbraucherstreitbeilegungsstellen wenden:<\/p><p>CNIACC \u2013 Nationales Zentrum f\u00fcr Information und Schlichtung von Verbraucherstreitigkeiten<\/p><p>https:\/\/www.cniacc.pt\/pt\/<\/p><p>CACCL \u2013 Lissabon-Schlichtungszentrum f\u00fcr Verbraucherkonflikte<\/p><p>http:\/\/www.centroarbitragemlisboa.pt\/<\/p><p>CACCVA \u2013 Schlichtungsstelle f\u00fcr Verbraucherkonflikte von Vale do Ave\/Schiedsgericht<\/p><p>CICAP \u2013 Porto Verbraucherschlichtungs- und Informationszentrum (Verbrauchsschiedsgericht)<\/p><p>CIMAAL \u2013 Verbraucherkonfliktinformations-, Mediations- und Schiedszentrum der Algarve<\/p><p>http:\/\/www.ciab.pt\/pt\/<\/p><p>CIAB \u2013 Consumer Information, Mediation and Arbitration Center (Verbrauchsschiedsgericht)<\/p><p>http:\/\/www.ciab.pt\/pt\/<\/p><p>CIMPAS \u2013 Zentrum f\u00fcr Informations-, Vermittlungs- und Versicherungsanbieter<\/p><p>https:\/\/www.cimpas.pt\/<\/p><p>Gem\u00e4\u00df Gesetz Nr. 144\/2015 zur Streitbeilegung siehe:<\/p><p>CNIACC \u2013 Telefon: 21 384 7484<\/p><p>E-Mail:\u00a0cniacc@fd.unl.pt\u00a0Site:\u00a0https:\/\/www.cniacc.pt\/pt\/<\/p><p>\u00a0<\/p><p>\u00a0<\/p>\t\t\t\t\t\t\t\t<\/div>\n\t\t\t\t<\/div>\n\t\t\t\t\t<\/div>\n\t\t<\/div>\n\t\t\t\t\t<\/div>\n\t\t<\/section>\n\t\t\t\t<\/div>\n\t\t","protected":false},"excerpt":{"rendered":"<p>Alternative Verbraucherstreitbeilegung Die Europ\u00e4ische Union hat eine Website eingerichtet, um Verbraucher bei der Einreichung von Beschwerden \u00fcber Rechtsstreitigkeiten, an denen sie beteiligt sind, zu unterst\u00fctzen. In diesem Zusammenhang stellen wir&#8230;<\/p>\n","protected":false},"author":1,"featured_media":0,"parent":0,"menu_order":0,"comment_status":"closed","ping_status":"closed","template":"","meta":{"footnotes":""},"class_list":["post-2961","page","type-page","status-publish","hentry"],"_links":{"self":[{"href":"https:\/\/farmanimal-lda.com\/de\/wp-json\/wp\/v2\/pages\/2961","targetHints":{"allow":["GET"]}}],"collection":[{"href":"https:\/\/farmanimal-lda.com\/de\/wp-json\/wp\/v2\/pages"}],"about":[{"href":"https:\/\/farmanimal-lda.com\/de\/wp-json\/wp\/v2\/types\/page"}],"author":[{"embeddable":true,"href":"https:\/\/farmanimal-lda.com\/de\/wp-json\/wp\/v2\/users\/1"}],"replies":[{"embeddable":true,"href":"https:\/\/farmanimal-lda.com\/de\/wp-json\/wp\/v2\/comments?post=2961"}],"version-history":[{"count":0,"href":"https:\/\/farmanimal-lda.com\/de\/wp-json\/wp\/v2\/pages\/2961\/revisions"}],"wp:attachment":[{"href":"https:\/\/farmanimal-lda.com\/de\/wp-json\/wp\/v2\/media?parent=2961"}],"curies":[{"name":"wp","href":"https:\/\/api.w.org\/{rel}","templated":true}]}}