{"id":2952,"date":"2021-10-25T18:07:17","date_gmt":"2021-10-25T18:07:17","guid":{"rendered":"https:\/\/farmanimal-lda.com\/politica-de-cookies\/"},"modified":"2021-11-16T16:15:49","modified_gmt":"2021-11-16T16:15:49","slug":"cookie-richtlinie","status":"publish","type":"page","link":"https:\/\/farmanimal-lda.com\/de\/cookie-richtlinie\/","title":{"rendered":"Cookie-Richtlinie"},"content":{"rendered":"\t\t<div data-elementor-type=\"wp-page\" data-elementor-id=\"2952\" class=\"elementor elementor-2952 elementor-2581\">\n\t\t\t\t\t\t<section class=\"elementor-section elementor-top-section elementor-element elementor-element-6d7ca11 elementor-section-stretched elementor-section-boxed elementor-section-height-default elementor-section-height-default\" data-id=\"6d7ca11\" data-element_type=\"section\" data-settings=\"{&quot;stretch_section&quot;:&quot;section-stretched&quot;}\">\n\t\t\t\t\t\t<div class=\"elementor-container elementor-column-gap-default\">\n\t\t\t\t\t<div class=\"elementor-column elementor-col-100 elementor-top-column elementor-element elementor-element-b05160b\" data-id=\"b05160b\" data-element_type=\"column\">\n\t\t\t<div class=\"elementor-widget-wrap elementor-element-populated\">\n\t\t\t\t\t\t<div class=\"elementor-element elementor-element-53e25ed elementor-widget elementor-widget-spacer\" data-id=\"53e25ed\" data-element_type=\"widget\" data-widget_type=\"spacer.default\">\n\t\t\t\t<div class=\"elementor-widget-container\">\n\t\t\t\t\t\t\t<div class=\"elementor-spacer\">\n\t\t\t<div class=\"elementor-spacer-inner\"><\/div>\n\t\t<\/div>\n\t\t\t\t\t\t<\/div>\n\t\t\t\t<\/div>\n\t\t\t\t<div class=\"elementor-element elementor-element-f24822e elementor-widget elementor-widget-heading\" data-id=\"f24822e\" data-element_type=\"widget\" data-widget_type=\"heading.default\">\n\t\t\t\t<div class=\"elementor-widget-container\">\n\t\t\t\t\t<h2 class=\"elementor-heading-title elementor-size-default\">Cookie-Richtlinie<\/h2>\t\t\t\t<\/div>\n\t\t\t\t<\/div>\n\t\t\t\t<div class=\"elementor-element elementor-element-0bf04b4 elementor-widget elementor-widget-spacer\" data-id=\"0bf04b4\" data-element_type=\"widget\" data-widget_type=\"spacer.default\">\n\t\t\t\t<div class=\"elementor-widget-container\">\n\t\t\t\t\t\t\t<div class=\"elementor-spacer\">\n\t\t\t<div class=\"elementor-spacer-inner\"><\/div>\n\t\t<\/div>\n\t\t\t\t\t\t<\/div>\n\t\t\t\t<\/div>\n\t\t\t\t<div class=\"elementor-element elementor-element-77a4f9a elementor-widget elementor-widget-text-editor\" data-id=\"77a4f9a\" data-element_type=\"widget\" data-widget_type=\"text-editor.default\">\n\t\t\t\t<div class=\"elementor-widget-container\">\n\t\t\t\t\t\t\t\t\t<p><strong>Was sind Cookies und wie funktionieren sie?<\/strong><br \/>Cookies sind kleine Codes, die auf Ihrem Ger\u00e4t gespeichert werden. Cookies enthalten keine personenbezogenen Informationen und haben keine Funktion, das hei\u00dft, es handelt sich nicht um Programme, sondern um einfache Textdateien. Beim ersten Besuch unserer Websites wird ein Cookie auf Ihr Ger\u00e4t heruntergeladen. In der Folge erkennen unsere Websites dieses Cookie und \u201ewissen\u201c, dass Sie unsere Website schon einmal besucht haben. Die Rolle von Cookies ist f\u00fcr die Benutzer von Vorteil, da sie ihre Erfahrung auf h\u00e4ufig besuchten Websites verbessert.<\/p><p><strong>Wof\u00fcr verwenden wir Cookies?<\/strong><br \/>Cookies erm\u00f6glichen es uns, unsere Website zu verbessern, sodass wir die Anzahl der einzelnen Benutzer kennen, die uns besuchen und welche Seiten besucht werden. Dadurch erfahren wir, welche Inhalte f\u00fcr unsere Nutzer interessant sind. Im Hinblick auf diese Verbesserungen verwenden wir Google Analytics, ein statistisches Tool. Die dabei erhobenen Informationen sind vollkommen anonym und dienen lediglich statistischen Zwecken.<\/p><p><strong>Wie k\u00f6nnen Sie Cookies kontrollieren?<\/strong><br \/>Browser wie Internet Explorer, Firefox, Google Chrome und Safari erm\u00f6glichen es Ihnen, die Cookie-Berechtigungen zu \u00e4ndern, um zu verhindern, dass Cookies von Ihrem Ger\u00e4t akzeptiert werden. Eine solche Einschr\u00e4nkung kann jedoch Ihre Benutzererfahrung beeintr\u00e4chtigen. Der Abschnitt \u201eHilfe\u201c in Ihrem Browser zeigt Ihnen m\u00f6glicherweise die Schritte an, die erforderlich sind, um eine solche \u00c4nderung vorzunehmen.<\/p>\t\t\t\t\t\t\t\t<\/div>\n\t\t\t\t<\/div>\n\t\t\t\t\t<\/div>\n\t\t<\/div>\n\t\t\t\t\t<\/div>\n\t\t<\/section>\n\t\t\t\t<\/div>\n\t\t","protected":false},"excerpt":{"rendered":"<p>Cookie-Richtlinie Was sind Cookies und wie funktionieren sie?Cookies sind kleine Codes, die auf Ihrem Ger\u00e4t gespeichert werden. Cookies enthalten keine personenbezogenen Informationen und haben keine Funktion, das hei\u00dft, es handelt&#8230;<\/p>\n","protected":false},"author":1,"featured_media":0,"parent":0,"menu_order":0,"comment_status":"closed","ping_status":"closed","template":"","meta":{"footnotes":""},"class_list":["post-2952","page","type-page","status-publish","hentry"],"_links":{"self":[{"href":"https:\/\/farmanimal-lda.com\/de\/wp-json\/wp\/v2\/pages\/2952","targetHints":{"allow":["GET"]}}],"collection":[{"href":"https:\/\/farmanimal-lda.com\/de\/wp-json\/wp\/v2\/pages"}],"about":[{"href":"https:\/\/farmanimal-lda.com\/de\/wp-json\/wp\/v2\/types\/page"}],"author":[{"embeddable":true,"href":"https:\/\/farmanimal-lda.com\/de\/wp-json\/wp\/v2\/users\/1"}],"replies":[{"embeddable":true,"href":"https:\/\/farmanimal-lda.com\/de\/wp-json\/wp\/v2\/comments?post=2952"}],"version-history":[{"count":0,"href":"https:\/\/farmanimal-lda.com\/de\/wp-json\/wp\/v2\/pages\/2952\/revisions"}],"wp:attachment":[{"href":"https:\/\/farmanimal-lda.com\/de\/wp-json\/wp\/v2\/media?parent=2952"}],"curies":[{"name":"wp","href":"https:\/\/api.w.org\/{rel}","templated":true}]}}